{"id":6,"date":"2022-12-29T18:54:43","date_gmt":"2022-12-29T18:54:43","guid":{"rendered":"https:\/\/quicklaundry.cl\/?page_id=6"},"modified":"2023-01-09T19:15:24","modified_gmt":"2023-01-09T19:15:24","slug":"acerca-de","status":"publish","type":"page","link":"https:\/\/quicklaundry.cl\/index.php\/acerca-de\/","title":{"rendered":"Quienes Somos"},"content":{"rendered":"\r\n<p style=\"text-align: left;\"><img loading=\"lazy\" decoding=\"async\" class=\"size-full wp-image-38 alignleft\" src=\"https:\/\/quicklaundry.cl\/wp-content\/uploads\/2023\/01\/tecnico.jpeg\" alt=\"\" width=\"240\" height=\"240\" srcset=\"https:\/\/quicklaundry.cl\/wp-content\/uploads\/2023\/01\/tecnico.jpeg 240w, https:\/\/quicklaundry.cl\/wp-content\/uploads\/2023\/01\/tecnico-150x150.jpeg 150w\" sizes=\"auto, (max-width: 240px) 100vw, 240px\" \/>QuickLaundry es una empresa con m\u00e1s de 15 a\u00f1os de presencia en el mercado Chileno.<br \/><br \/>Tenemos un compromiso con un <strong>Servicio de Excelencia, <\/strong>para lo cual contamos con un <strong>equipo de profesionales y t\u00e9cnicos altamente capacitados<\/strong> para satisfacer las necesidades de nuestros clientes.<\/p>\r\n<p>Desde nuestros inicios nuestros servicios se han enfocado en el <strong>dise\u00f1o e implementaci\u00f3n de lavander\u00edas a lo largo del Pa\u00eds<\/strong>, y nuestros nos Clientes nos avalan.<\/p>\r\n<p>Nuestro foco es tambi\u00e9n la mantenci\u00f3n del servicio y contacto permanente con nuestros clientes para apoyar en el soporte requerido.<\/p>\r\n","protected":false},"excerpt":{"rendered":"<p>QuickLaundry es una empresa con m\u00e1s de 15 a\u00f1os de presencia en el mercado Chileno. Tenemos un compromiso con un Servicio de Excelencia, para lo cual contamos con un equipo de profesionales y t\u00e9cnicos altamente capacitados para satisfacer las necesidades de nuestros clientes. Desde nuestros inicios nuestros servicios se han enfocado en el dise\u00f1o e [&hellip;]<\/p>\n","protected":false},"author":1,"featured_media":41,"parent":0,"menu_order":0,"comment_status":"closed","ping_status":"closed","template":"","meta":{"footnotes":""},"class_list":["post-6","page","type-page","status-publish","has-post-thumbnail","czr-hentry"],"_links":{"self":[{"href":"https:\/\/quicklaundry.cl\/index.php\/wp-json\/wp\/v2\/pages\/6","targetHints":{"allow":["GET"]}}],"collection":[{"href":"https:\/\/quicklaundry.cl\/index.php\/wp-json\/wp\/v2\/pages"}],"about":[{"href":"https:\/\/quicklaundry.cl\/index.php\/wp-json\/wp\/v2\/types\/page"}],"author":[{"embeddable":true,"href":"https:\/\/quicklaundry.cl\/index.php\/wp-json\/wp\/v2\/users\/1"}],"replies":[{"embeddable":true,"href":"https:\/\/quicklaundry.cl\/index.php\/wp-json\/wp\/v2\/comments?post=6"}],"version-history":[{"count":5,"href":"https:\/\/quicklaundry.cl\/index.php\/wp-json\/wp\/v2\/pages\/6\/revisions"}],"predecessor-version":[{"id":78,"href":"https:\/\/quicklaundry.cl\/index.php\/wp-json\/wp\/v2\/pages\/6\/revisions\/78"}],"wp:featuredmedia":[{"embeddable":true,"href":"https:\/\/quicklaundry.cl\/index.php\/wp-json\/wp\/v2\/media\/41"}],"wp:attachment":[{"href":"https:\/\/quicklaundry.cl\/index.php\/wp-json\/wp\/v2\/media?parent=6"}],"curies":[{"name":"wp","href":"https:\/\/api.w.org\/{rel}","templated":true}]}}